{"id":12566,"date":"2021-04-26T07:50:37","date_gmt":"2021-04-26T07:50:37","guid":{"rendered":"https:\/\/www.oliveoilathome.com\/qui-sommes-nous\/"},"modified":"2021-06-08T14:02:03","modified_gmt":"2021-06-08T14:02:03","slug":"notre-histoire","status":"publish","type":"page","link":"https:\/\/www.oliveoilathome.com\/fr\/notre-histoire\/","title":{"rendered":"Notre histoire"},"content":{"rendered":"<section class=\"l-section wpb_row height_medium\"><div class=\"l-section-h i-cf\"><div class=\"g-cols vc_row via_flex valign_top type_default stacking_default\"><div class=\"vc_col-sm-12 wpb_column vc_column_container\"><div class=\"vc_column-inner\"><div class=\"wpb_wrapper\">[vc_custom_heading text=&#8221;L&#8217;histoire de notre huilerie&#8221; font_container=&#8221;tag:h1|text_align:left&#8221; use_theme_fonts=&#8221;yes&#8221;]<div class=\"wpb_text_column min\"><div class=\"wpb_wrapper\"><p>La famille Fern\u00e1ndez Hidalgo h\u00e9rite de la passion pour l&#8217;huile de ses grands-parents, qui d\u00e9j\u00e0 dans la p\u00e9riode d&#8217;apr\u00e8s-guerre ont commenc\u00e9 \u00e0 acheter des olives glan\u00e9es, et \u00e9changer l&#8217;huile obtenue contre de la farine et du vin au march\u00e9 noir.<\/p>\n<\/div><\/div><div class=\"g-cols wpb_row us_custom_09ceb91a via_flex valign_top type_default stacking_default\"><div class=\"vc_col-sm-12 wpb_column vc_column_container\"><div class=\"vc_column-inner\"><div class=\"wpb_wrapper\"><div class=\"wpb_text_column\"><div class=\"wpb_wrapper\"><p class=\"timeline title\">Les principaux rep\u00e8res chronologiques<\/p>\n<div class=\"timeline\"><strong>1952<\/strong><br \/>\nSuivant la tradition de ses parents, Manuel Fern\u00e1ndez Dur\u00e1n a fond\u00e9 la Coop\u00e9rative \u00ab Agrolea \u00bb avec d\u2019autres partenaires de La Puerta de Segura (Ja\u00e9n).<\/div>\n<div class=\"timeline\"><strong>Ann\u00e9es 60<\/strong><br \/>\nIl devient pionnier dans la vente au d\u00e9tail d&#8217;huile d&#8217;olive avec l&#8217;ouverture de plusieurs magasins \u00e0 Albacete.<\/div>\n<div class=\"timeline\"><strong>1983<\/strong><br \/>\nAcquisition d&#8217;une partie de l&#8217;actionnariat de l&#8217;huilerie \u00ab\u00a0La Moderna\u00a0\u00bb \u00e0 La Puerta de Segura.<\/div>\n<div class=\"timeline\"><strong>1987<\/strong><br \/>\nAcquisition de la totalit\u00e9 de l\u2019huilerie.<\/div>\n<div class=\"timeline\"><strong>1989<\/strong><br \/>\nR\u00e9forme de l&#8217;huilerie doublant la capacit\u00e9 de production.<\/div>\n<div class=\"timeline\"><strong>1993<\/strong><br \/>\nOLEOFER S.L. est n\u00e9e, marquant le d\u00e9but de la participation des fils de Manuel dans la soci\u00e9t\u00e9.<\/div>\n<div class=\"timeline\"><strong>2000<\/strong><br \/>\nD\u00e9m\u00e9nagement des installations \u00e0 l&#8217;emplacement actuel de l&#8217;huilerie.<\/div>\n<div class=\"timeline\"><strong>2005<\/strong><br \/>\nExtension et modernisation des lignes de production.<\/div>\n<div class=\"timeline\"><strong>2009<\/strong><br \/>\nAcquisition du domaine \u00ab\u00a0Los Barrancos\u00a0\u00bb, qui ferme le cercle dans un processus dans lequel toute la production d&#8217;huile d&#8217;olive extra vierge est contr\u00f4l\u00e9e, de la r\u00e9colte \u00e0 l&#8217;emballage et sa post\u00e9rieure commercialisation et exportation.<\/div>\n<div class=\"timeline\"><strong>2012<\/strong><br \/>\nLancement d&#8217;une ligne de broyage bio et lancement de la marque \u00ab\u00a0Tierras de Tavara\u00a0\u00bb avec ses trois lignes sp\u00e9cialis\u00e9es : huile, olives gourmandes et produits bio.<\/div>\n<div class=\"timeline\"><strong>2013<\/strong><br \/>\nLa premi\u00e8re op\u00e9ration de vente internationale est r\u00e9alis\u00e9e en Asie, qui est actuellement le principal march\u00e9 de la compagnie.<\/div>\n<div class=\"timeline\"><strong>2014<\/strong><br \/>\nPremi\u00e8re huilerie dans Sierra de Segura sp\u00e9cialis\u00e9e dans l&#8217;ol\u00e9otourisme.<\/div>\n<div class=\"timeline\"><strong>2018<\/strong><br \/>\nLancement de la boutique e-commerce www.miaceiteadomicilio.com en Espagne pour la vente en ligne de tous nos produits.<\/div>\n<div class=\"timeline\">\n<p><strong>2020<\/strong><br \/>\nLacement de <a href=\"https:\/\/www.oliveoilathome.com\/fr\/\">www.oliveoilathome.com<\/a> pour la vente en march\u00e9s internationaux.<\/p>\n<\/div>\n<\/div><\/div><\/div><\/div><\/div><\/div><\/div><\/div><\/div><\/div><\/div><\/section>\n","protected":false},"excerpt":{"rendered":"[vc_custom_heading text=\"L'histoire de notre huilerie\" font_container=\"tag:h1|text_align:left\" use_theme_fonts=\"yes\"]La famille Fern\u00e1ndez Hidalgo h\u00e9rite de la passion pour l&#8217;huile de ses grands-parents, qui d\u00e9j\u00e0 dans la p\u00e9riode d&#8217;apr\u00e8s-guerre ont commenc\u00e9 \u00e0 acheter des olives glan\u00e9es, et \u00e9changer l&#8217;huile obtenue contre de la farine et du vin au march\u00e9 noir. Les principaux rep\u00e8res chronologiques 1952 Suivant la tradition de...","protected":false},"author":1,"featured_media":0,"parent":0,"menu_order":2,"comment_status":"closed","ping_status":"closed","template":"","meta":{"_acf_changed":false,"footnotes":""},"class_list":["post-12566","page","type-page","status-publish","hentry"],"acf":[],"yoast_head":"<!-- This site is optimized with the Yoast SEO plugin v23.0 - https:\/\/yoast.com\/wordpress\/plugins\/seo\/ -->\n<title>Notre histoire | Olive Oil at Home<\/title>\n<meta name=\"robots\" content=\"index, follow, max-snippet:-1, max-image-preview:large, max-video-preview:-1\" \/>\n<link rel=\"canonical\" href=\"https:\/\/www.oliveoilathome.com\/fr\/notre-histoire\/\" \/>\n<meta property=\"og:locale\" content=\"fr_FR\" \/>\n<meta property=\"og:type\" content=\"article\" \/>\n<meta property=\"og:title\" content=\"Notre histoire | Olive Oil at Home\" \/>\n<meta property=\"og:url\" content=\"https:\/\/www.oliveoilathome.com\/fr\/notre-histoire\/\" \/>\n<meta property=\"og:site_name\" content=\"Olive Oil at Home\" \/>\n<meta property=\"article:publisher\" content=\"https:\/\/www.facebook.com\/tierrasdetavara\" \/>\n<meta property=\"article:modified_time\" content=\"2021-06-08T14:02:03+00:00\" \/>\n<meta name=\"twitter:card\" content=\"summary_large_image\" \/>\n<meta name=\"twitter:site\" content=\"@Tierrasdetavara\" \/>\n<script type=\"application\/ld+json\" class=\"yoast-schema-graph\">{\"@context\":\"https:\/\/schema.org\",\"@graph\":[{\"@type\":\"WebPage\",\"@id\":\"https:\/\/www.oliveoilathome.com\/fr\/notre-histoire\/\",\"url\":\"https:\/\/www.oliveoilathome.com\/fr\/notre-histoire\/\",\"name\":\"Notre histoire | Olive Oil at Home\",\"isPartOf\":{\"@id\":\"https:\/\/www.oliveoilathome.com\/fr\/#website\"},\"datePublished\":\"2021-04-26T07:50:37+00:00\",\"dateModified\":\"2021-06-08T14:02:03+00:00\",\"breadcrumb\":{\"@id\":\"https:\/\/www.oliveoilathome.com\/fr\/notre-histoire\/#breadcrumb\"},\"inLanguage\":\"fr-FR\",\"potentialAction\":[{\"@type\":\"ReadAction\",\"target\":[\"https:\/\/www.oliveoilathome.com\/fr\/notre-histoire\/\"]}]},{\"@type\":\"BreadcrumbList\",\"@id\":\"https:\/\/www.oliveoilathome.com\/fr\/notre-histoire\/#breadcrumb\",\"itemListElement\":[{\"@type\":\"ListItem\",\"position\":1,\"name\":\"Portada\",\"item\":\"https:\/\/www.oliveoilathome.com\/fr\/\"},{\"@type\":\"ListItem\",\"position\":2,\"name\":\"Notre histoire\"}]},{\"@type\":\"WebSite\",\"@id\":\"https:\/\/www.oliveoilathome.com\/fr\/#website\",\"url\":\"https:\/\/www.oliveoilathome.com\/fr\/\",\"name\":\"Olive Oil at Home\",\"description\":\"\",\"publisher\":{\"@id\":\"https:\/\/www.oliveoilathome.com\/fr\/#organization\"},\"potentialAction\":[{\"@type\":\"SearchAction\",\"target\":{\"@type\":\"EntryPoint\",\"urlTemplate\":\"https:\/\/www.oliveoilathome.com\/fr\/?s={search_term_string}\"},\"query-input\":\"required name=search_term_string\"}],\"inLanguage\":\"fr-FR\"},{\"@type\":\"Organization\",\"@id\":\"https:\/\/www.oliveoilathome.com\/fr\/#organization\",\"name\":\"Olive Oil At Home\",\"url\":\"https:\/\/www.oliveoilathome.com\/fr\/\",\"logo\":{\"@type\":\"ImageObject\",\"inLanguage\":\"fr-FR\",\"@id\":\"https:\/\/www.oliveoilathome.com\/fr\/#\/schema\/logo\/image\/\",\"url\":\"https:\/\/www.oliveoilathome.com\/wp-content\/uploads\/2021\/04\/logo.jpg\",\"contentUrl\":\"https:\/\/www.oliveoilathome.com\/wp-content\/uploads\/2021\/04\/logo.jpg\",\"width\":400,\"height\":91,\"caption\":\"Olive Oil At Home\"},\"image\":{\"@id\":\"https:\/\/www.oliveoilathome.com\/fr\/#\/schema\/logo\/image\/\"},\"sameAs\":[\"https:\/\/www.facebook.com\/tierrasdetavara\",\"https:\/\/x.com\/Tierrasdetavara\"]}]}<\/script>\n<!-- \/ Yoast SEO plugin. -->","yoast_head_json":{"title":"Notre histoire | Olive Oil at Home","robots":{"index":"index","follow":"follow","max-snippet":"max-snippet:-1","max-image-preview":"max-image-preview:large","max-video-preview":"max-video-preview:-1"},"canonical":"https:\/\/www.oliveoilathome.com\/fr\/notre-histoire\/","og_locale":"fr_FR","og_type":"article","og_title":"Notre histoire | Olive Oil at Home","og_url":"https:\/\/www.oliveoilathome.com\/fr\/notre-histoire\/","og_site_name":"Olive Oil at Home","article_publisher":"https:\/\/www.facebook.com\/tierrasdetavara","article_modified_time":"2021-06-08T14:02:03+00:00","twitter_card":"summary_large_image","twitter_site":"@Tierrasdetavara","schema":{"@context":"https:\/\/schema.org","@graph":[{"@type":"WebPage","@id":"https:\/\/www.oliveoilathome.com\/fr\/notre-histoire\/","url":"https:\/\/www.oliveoilathome.com\/fr\/notre-histoire\/","name":"Notre histoire | Olive Oil at Home","isPartOf":{"@id":"https:\/\/www.oliveoilathome.com\/fr\/#website"},"datePublished":"2021-04-26T07:50:37+00:00","dateModified":"2021-06-08T14:02:03+00:00","breadcrumb":{"@id":"https:\/\/www.oliveoilathome.com\/fr\/notre-histoire\/#breadcrumb"},"inLanguage":"fr-FR","potentialAction":[{"@type":"ReadAction","target":["https:\/\/www.oliveoilathome.com\/fr\/notre-histoire\/"]}]},{"@type":"BreadcrumbList","@id":"https:\/\/www.oliveoilathome.com\/fr\/notre-histoire\/#breadcrumb","itemListElement":[{"@type":"ListItem","position":1,"name":"Portada","item":"https:\/\/www.oliveoilathome.com\/fr\/"},{"@type":"ListItem","position":2,"name":"Notre histoire"}]},{"@type":"WebSite","@id":"https:\/\/www.oliveoilathome.com\/fr\/#website","url":"https:\/\/www.oliveoilathome.com\/fr\/","name":"Olive Oil at Home","description":"","publisher":{"@id":"https:\/\/www.oliveoilathome.com\/fr\/#organization"},"potentialAction":[{"@type":"SearchAction","target":{"@type":"EntryPoint","urlTemplate":"https:\/\/www.oliveoilathome.com\/fr\/?s={search_term_string}"},"query-input":"required name=search_term_string"}],"inLanguage":"fr-FR"},{"@type":"Organization","@id":"https:\/\/www.oliveoilathome.com\/fr\/#organization","name":"Olive Oil At Home","url":"https:\/\/www.oliveoilathome.com\/fr\/","logo":{"@type":"ImageObject","inLanguage":"fr-FR","@id":"https:\/\/www.oliveoilathome.com\/fr\/#\/schema\/logo\/image\/","url":"https:\/\/www.oliveoilathome.com\/wp-content\/uploads\/2021\/04\/logo.jpg","contentUrl":"https:\/\/www.oliveoilathome.com\/wp-content\/uploads\/2021\/04\/logo.jpg","width":400,"height":91,"caption":"Olive Oil At Home"},"image":{"@id":"https:\/\/www.oliveoilathome.com\/fr\/#\/schema\/logo\/image\/"},"sameAs":["https:\/\/www.facebook.com\/tierrasdetavara","https:\/\/x.com\/Tierrasdetavara"]}]}},"_links":{"self":[{"href":"https:\/\/www.oliveoilathome.com\/fr\/wp-json\/wp\/v2\/pages\/12566","targetHints":{"allow":["GET"]}}],"collection":[{"href":"https:\/\/www.oliveoilathome.com\/fr\/wp-json\/wp\/v2\/pages"}],"about":[{"href":"https:\/\/www.oliveoilathome.com\/fr\/wp-json\/wp\/v2\/types\/page"}],"author":[{"embeddable":true,"href":"https:\/\/www.oliveoilathome.com\/fr\/wp-json\/wp\/v2\/users\/1"}],"replies":[{"embeddable":true,"href":"https:\/\/www.oliveoilathome.com\/fr\/wp-json\/wp\/v2\/comments?post=12566"}],"version-history":[{"count":16,"href":"https:\/\/www.oliveoilathome.com\/fr\/wp-json\/wp\/v2\/pages\/12566\/revisions"}],"predecessor-version":[{"id":13111,"href":"https:\/\/www.oliveoilathome.com\/fr\/wp-json\/wp\/v2\/pages\/12566\/revisions\/13111"}],"wp:attachment":[{"href":"https:\/\/www.oliveoilathome.com\/fr\/wp-json\/wp\/v2\/media?parent=12566"}],"curies":[{"name":"wp","href":"https:\/\/api.w.org\/{rel}","templated":true}]}}